{"id":780,"date":"2022-02-02T12:01:39","date_gmt":"2022-02-02T11:01:39","guid":{"rendered":"https:\/\/grannycharly.fr\/\/?page_id=780"},"modified":"2023-08-14T12:52:48","modified_gmt":"2023-08-14T10:52:48","slug":"notre-histoire","status":"publish","type":"page","link":"https:\/\/grannycharly.fr\/wp-content\/wpStagingGC202306\/notre-histoire\/","title":{"rendered":"Notre histoire"},"content":{"rendered":"","protected":false},"excerpt":{"rendered":"","protected":false},"author":1,"featured_media":0,"parent":0,"menu_order":0,"comment_status":"closed","ping_status":"closed","template":"page-story.php","meta":{"_seopress_robots_primary_cat":"","_seopress_titles_title":"","_seopress_titles_desc":"Edith a 87 ans, elle est coquette et joyeuse. Elle aime raconter ses anecdotes \u00e0 ses petits-enfants comme Am\u00e9lie Fr\u00e9ly, cofondatrices de Granny &amp; Charly.","_seopress_robots_index":"","content-type":"","inline_featured_image":false,"footnotes":""},"class_list":["post-780","page","type-page","status-publish","hentry"],"acf":[],"_links":{"self":[{"href":"https:\/\/grannycharly.fr\/wp-content\/wpStagingGC202306\/wp-json\/wp\/v2\/pages\/780","targetHints":{"allow":["GET"]}}],"collection":[{"href":"https:\/\/grannycharly.fr\/wp-content\/wpStagingGC202306\/wp-json\/wp\/v2\/pages"}],"about":[{"href":"https:\/\/grannycharly.fr\/wp-content\/wpStagingGC202306\/wp-json\/wp\/v2\/types\/page"}],"author":[{"embeddable":true,"href":"https:\/\/grannycharly.fr\/wp-content\/wpStagingGC202306\/wp-json\/wp\/v2\/users\/1"}],"replies":[{"embeddable":true,"href":"https:\/\/grannycharly.fr\/wp-content\/wpStagingGC202306\/wp-json\/wp\/v2\/comments?post=780"}],"version-history":[{"count":66,"href":"https:\/\/grannycharly.fr\/wp-content\/wpStagingGC202306\/wp-json\/wp\/v2\/pages\/780\/revisions"}],"predecessor-version":[{"id":5871,"href":"https:\/\/grannycharly.fr\/wp-content\/wpStagingGC202306\/wp-json\/wp\/v2\/pages\/780\/revisions\/5871"}],"wp:attachment":[{"href":"https:\/\/grannycharly.fr\/wp-content\/wpStagingGC202306\/wp-json\/wp\/v2\/media?parent=780"}],"curies":[{"name":"wp","href":"https:\/\/api.w.org\/{rel}","templated":true}]}}