{"id":2197,"date":"2022-06-13T18:00:14","date_gmt":"2022-06-13T16:00:14","guid":{"rendered":"https:\/\/grannycharly.fr\/?page_id=2197"},"modified":"2022-06-13T18:33:52","modified_gmt":"2022-06-13T16:33:52","slug":"developper-vos-competences","status":"publish","type":"page","link":"https:\/\/grannycharly.fr\/wp-content\/wpStagingGC202306\/developper-vos-competences\/","title":{"rendered":"D\u00e9velopper vos comp\u00e9tences !"},"content":{"rendered":"\r\n<h3 class=\"wp-block-heading\">Vos formations finan\u00e7ables \u00e0 100%<\/h3>\r\n","protected":false},"excerpt":{"rendered":"<p>Vos formations finan\u00e7ables \u00e0 100%<\/p>\n","protected":false},"author":4,"featured_media":0,"parent":0,"menu_order":0,"comment_status":"closed","ping_status":"closed","template":"page-partenaire.php","meta":{"_seopress_robots_primary_cat":"","_seopress_titles_title":"D\u00e9velopper vos comp\u00e9tences dans l&#039;aide \u00e0 la personne ","_seopress_titles_desc":"Vos formations finan\u00e7ables dans l&#039;aide \u00e0 la personne sur-mesure. D\u00e9couvrez le catalogue sur ce lien","_seopress_robots_index":"","content-type":"","inline_featured_image":false,"footnotes":""},"class_list":["post-2197","page","type-page","status-publish","hentry"],"acf":[],"_links":{"self":[{"href":"https:\/\/grannycharly.fr\/wp-content\/wpStagingGC202306\/wp-json\/wp\/v2\/pages\/2197","targetHints":{"allow":["GET"]}}],"collection":[{"href":"https:\/\/grannycharly.fr\/wp-content\/wpStagingGC202306\/wp-json\/wp\/v2\/pages"}],"about":[{"href":"https:\/\/grannycharly.fr\/wp-content\/wpStagingGC202306\/wp-json\/wp\/v2\/types\/page"}],"author":[{"embeddable":true,"href":"https:\/\/grannycharly.fr\/wp-content\/wpStagingGC202306\/wp-json\/wp\/v2\/users\/4"}],"replies":[{"embeddable":true,"href":"https:\/\/grannycharly.fr\/wp-content\/wpStagingGC202306\/wp-json\/wp\/v2\/comments?post=2197"}],"version-history":[{"count":27,"href":"https:\/\/grannycharly.fr\/wp-content\/wpStagingGC202306\/wp-json\/wp\/v2\/pages\/2197\/revisions"}],"predecessor-version":[{"id":2238,"href":"https:\/\/grannycharly.fr\/wp-content\/wpStagingGC202306\/wp-json\/wp\/v2\/pages\/2197\/revisions\/2238"}],"wp:attachment":[{"href":"https:\/\/grannycharly.fr\/wp-content\/wpStagingGC202306\/wp-json\/wp\/v2\/media?parent=2197"}],"curies":[{"name":"wp","href":"https:\/\/api.w.org\/{rel}","templated":true}]}}