{"id":1804,"date":"2022-03-20T00:48:49","date_gmt":"2022-03-19T23:48:49","guid":{"rendered":"https:\/\/grannycharly.fr\/\/?page_id=1804"},"modified":"2022-04-01T08:58:19","modified_gmt":"2022-04-01T06:58:19","slug":"accompagnement-rendez-vous-medicaux","status":"publish","type":"page","link":"https:\/\/grannycharly.fr\/wp-content\/wpStagingGC202306\/accompagnement-rendez-vous-medicaux\/","title":{"rendered":"Accompagnement rendez-vous m\u00e9dicaux"},"content":{"rendered":"","protected":false},"excerpt":{"rendered":"","protected":false},"author":4,"featured_media":0,"parent":0,"menu_order":0,"comment_status":"closed","ping_status":"closed","template":"page-service.php","meta":{"_seopress_robots_primary_cat":"","_seopress_titles_title":"","_seopress_titles_desc":"Granny &amp; Charly veille sur votre sant\u00e9 et votre s\u00e9curit\u00e9. Avec notre service d\u2019accompagnement aux rendez-vous m\u00e9dicaux, un jeune vous prend en main !","_seopress_robots_index":"","content-type":"","inline_featured_image":false,"footnotes":""},"class_list":["post-1804","page","type-page","status-publish","hentry"],"acf":[],"_links":{"self":[{"href":"https:\/\/grannycharly.fr\/wp-content\/wpStagingGC202306\/wp-json\/wp\/v2\/pages\/1804","targetHints":{"allow":["GET"]}}],"collection":[{"href":"https:\/\/grannycharly.fr\/wp-content\/wpStagingGC202306\/wp-json\/wp\/v2\/pages"}],"about":[{"href":"https:\/\/grannycharly.fr\/wp-content\/wpStagingGC202306\/wp-json\/wp\/v2\/types\/page"}],"author":[{"embeddable":true,"href":"https:\/\/grannycharly.fr\/wp-content\/wpStagingGC202306\/wp-json\/wp\/v2\/users\/4"}],"replies":[{"embeddable":true,"href":"https:\/\/grannycharly.fr\/wp-content\/wpStagingGC202306\/wp-json\/wp\/v2\/comments?post=1804"}],"version-history":[{"count":13,"href":"https:\/\/grannycharly.fr\/wp-content\/wpStagingGC202306\/wp-json\/wp\/v2\/pages\/1804\/revisions"}],"predecessor-version":[{"id":2111,"href":"https:\/\/grannycharly.fr\/wp-content\/wpStagingGC202306\/wp-json\/wp\/v2\/pages\/1804\/revisions\/2111"}],"wp:attachment":[{"href":"https:\/\/grannycharly.fr\/wp-content\/wpStagingGC202306\/wp-json\/wp\/v2\/media?parent=1804"}],"curies":[{"name":"wp","href":"https:\/\/api.w.org\/{rel}","templated":true}]}}