{"id":1721,"date":"2022-03-19T22:18:38","date_gmt":"2022-03-19T21:18:38","guid":{"rendered":"https:\/\/grannycharly.fr\/\/?page_id=1721"},"modified":"2022-03-30T13:27:16","modified_gmt":"2022-03-30T11:27:16","slug":"dame-de-compagnie","status":"publish","type":"page","link":"https:\/\/grannycharly.fr\/wp-content\/wpStagingGC202306\/dame-de-compagnie\/","title":{"rendered":"Dame de compagnie"},"content":{"rendered":"","protected":false},"excerpt":{"rendered":"","protected":false},"author":4,"featured_media":0,"parent":0,"menu_order":0,"comment_status":"closed","ping_status":"closed","template":"page-service.php","meta":{"_seopress_robots_primary_cat":"","_seopress_titles_title":"","_seopress_titles_desc":"Faire appel \u00e0 une dame de compagnie pour personne \u00e2g\u00e9e via notre communaut\u00e9 de jeunes, c\u2019est profiter \u00e0 la fois d\u2019un soutien moral et physique au quotidien.","_seopress_robots_index":"","content-type":"","inline_featured_image":false,"footnotes":""},"class_list":["post-1721","page","type-page","status-publish","hentry"],"acf":[],"_links":{"self":[{"href":"https:\/\/grannycharly.fr\/wp-content\/wpStagingGC202306\/wp-json\/wp\/v2\/pages\/1721","targetHints":{"allow":["GET"]}}],"collection":[{"href":"https:\/\/grannycharly.fr\/wp-content\/wpStagingGC202306\/wp-json\/wp\/v2\/pages"}],"about":[{"href":"https:\/\/grannycharly.fr\/wp-content\/wpStagingGC202306\/wp-json\/wp\/v2\/types\/page"}],"author":[{"embeddable":true,"href":"https:\/\/grannycharly.fr\/wp-content\/wpStagingGC202306\/wp-json\/wp\/v2\/users\/4"}],"replies":[{"embeddable":true,"href":"https:\/\/grannycharly.fr\/wp-content\/wpStagingGC202306\/wp-json\/wp\/v2\/comments?post=1721"}],"version-history":[{"count":9,"href":"https:\/\/grannycharly.fr\/wp-content\/wpStagingGC202306\/wp-json\/wp\/v2\/pages\/1721\/revisions"}],"predecessor-version":[{"id":2027,"href":"https:\/\/grannycharly.fr\/wp-content\/wpStagingGC202306\/wp-json\/wp\/v2\/pages\/1721\/revisions\/2027"}],"wp:attachment":[{"href":"https:\/\/grannycharly.fr\/wp-content\/wpStagingGC202306\/wp-json\/wp\/v2\/media?parent=1721"}],"curies":[{"name":"wp","href":"https:\/\/api.w.org\/{rel}","templated":true}]}}