{"id":1480,"date":"2022-03-19T19:57:30","date_gmt":"2022-03-19T18:57:30","guid":{"rendered":"https:\/\/grannycharly.fr\/\/?page_id=1480"},"modified":"2022-03-24T11:31:41","modified_gmt":"2022-03-24T10:31:41","slug":"avis-clients","status":"publish","type":"page","link":"https:\/\/grannycharly.fr\/wp-content\/wpStagingGC202306\/avis-clients\/","title":{"rendered":"Avis clients"},"content":{"rendered":"\n<script id=\"imdw-js-global\" data-launch-mode=\"onload\" src=\"https:\/\/widget3.aviseniors.com\/javascripts\/imdw-global.js\"><\/script>\n<div id=\"imdw-page\" data-cid=\"15653\" data-hash=\"7G8D-WX39-7FNHY-WR6LT-YXP9Z4\" data-ctype=\"company\" data-margin=\"true\" data-width=\"100%\" data-number-reviews=\"15\" data-redirect=\"https:\/\/www.aviseniors.com\/partenaire\/pro\/granny-charly-paris-75015-15653.html\"><\/div> <script type=\"text\/javascript\"> fetch('company\/richs_snippets?id=15653&key=7G8D-WX39-7FNHY-WR6LT-YXP9Z4') .then(response => response.text()) .then(structuredDataText => { const script = document.createElement('script'); script.setAttribute('type', 'application\/ld+json'); script.textContent = structuredDataText; document.head.appendChild(script); }); <\/script>\n","protected":false},"excerpt":{"rendered":"","protected":false},"author":1,"featured_media":0,"parent":0,"menu_order":0,"comment_status":"closed","ping_status":"closed","template":"","meta":{"_seopress_robots_primary_cat":"","_seopress_titles_title":"","_seopress_titles_desc":"D\u00e9couvrez les avis des clients Granny &amp; Charly collect\u00e9s par Avisenior, une soci\u00e9t\u00e9 ind\u00e9pendante d&#039;avis clients sp\u00e9cialis\u00e9e dans les services seniors","_seopress_robots_index":"","content-type":"","inline_featured_image":false,"footnotes":""},"class_list":["post-1480","page","type-page","status-publish","hentry"],"acf":[],"_links":{"self":[{"href":"https:\/\/grannycharly.fr\/wp-content\/wpStagingGC202306\/wp-json\/wp\/v2\/pages\/1480","targetHints":{"allow":["GET"]}}],"collection":[{"href":"https:\/\/grannycharly.fr\/wp-content\/wpStagingGC202306\/wp-json\/wp\/v2\/pages"}],"about":[{"href":"https:\/\/grannycharly.fr\/wp-content\/wpStagingGC202306\/wp-json\/wp\/v2\/types\/page"}],"author":[{"embeddable":true,"href":"https:\/\/grannycharly.fr\/wp-content\/wpStagingGC202306\/wp-json\/wp\/v2\/users\/1"}],"replies":[{"embeddable":true,"href":"https:\/\/grannycharly.fr\/wp-content\/wpStagingGC202306\/wp-json\/wp\/v2\/comments?post=1480"}],"version-history":[{"count":3,"href":"https:\/\/grannycharly.fr\/wp-content\/wpStagingGC202306\/wp-json\/wp\/v2\/pages\/1480\/revisions"}],"predecessor-version":[{"id":1930,"href":"https:\/\/grannycharly.fr\/wp-content\/wpStagingGC202306\/wp-json\/wp\/v2\/pages\/1480\/revisions\/1930"}],"wp:attachment":[{"href":"https:\/\/grannycharly.fr\/wp-content\/wpStagingGC202306\/wp-json\/wp\/v2\/media?parent=1480"}],"curies":[{"name":"wp","href":"https:\/\/api.w.org\/{rel}","templated":true}]}}