{"id":1448,"date":"2022-03-01T14:44:34","date_gmt":"2022-03-01T13:44:34","guid":{"rendered":"https:\/\/grannycharly.fr\/\/?page_id=1448"},"modified":"2023-02-20T12:16:57","modified_gmt":"2023-02-20T11:16:57","slug":"partenaires","status":"publish","type":"page","link":"https:\/\/grannycharly.fr\/wp-content\/wpStagingGC202306\/partenaires\/","title":{"rendered":"Partenaires"},"content":{"rendered":"","protected":false},"excerpt":{"rendered":"","protected":false},"author":1,"featured_media":0,"parent":0,"menu_order":0,"comment_status":"closed","ping_status":"closed","template":"page-partenaire.php","meta":{"_seopress_robots_primary_cat":"","_seopress_titles_title":"D\u00e9couvrez nos partenaires qui agissent pour le bien-vieillir!","_seopress_titles_desc":"Nous choisissons nos partenaires avec attention pour vous faciliter la vie et vous proposer des services qui participent \u00e0 cr\u00e9er une soci\u00e9t\u00e9 du bien-veillir","_seopress_robots_index":"","content-type":"","inline_featured_image":false,"footnotes":""},"class_list":["post-1448","page","type-page","status-publish","hentry"],"acf":[],"_links":{"self":[{"href":"https:\/\/grannycharly.fr\/wp-content\/wpStagingGC202306\/wp-json\/wp\/v2\/pages\/1448","targetHints":{"allow":["GET"]}}],"collection":[{"href":"https:\/\/grannycharly.fr\/wp-content\/wpStagingGC202306\/wp-json\/wp\/v2\/pages"}],"about":[{"href":"https:\/\/grannycharly.fr\/wp-content\/wpStagingGC202306\/wp-json\/wp\/v2\/types\/page"}],"author":[{"embeddable":true,"href":"https:\/\/grannycharly.fr\/wp-content\/wpStagingGC202306\/wp-json\/wp\/v2\/users\/1"}],"replies":[{"embeddable":true,"href":"https:\/\/grannycharly.fr\/wp-content\/wpStagingGC202306\/wp-json\/wp\/v2\/comments?post=1448"}],"version-history":[{"count":12,"href":"https:\/\/grannycharly.fr\/wp-content\/wpStagingGC202306\/wp-json\/wp\/v2\/pages\/1448\/revisions"}],"predecessor-version":[{"id":2950,"href":"https:\/\/grannycharly.fr\/wp-content\/wpStagingGC202306\/wp-json\/wp\/v2\/pages\/1448\/revisions\/2950"}],"wp:attachment":[{"href":"https:\/\/grannycharly.fr\/wp-content\/wpStagingGC202306\/wp-json\/wp\/v2\/media?parent=1448"}],"curies":[{"name":"wp","href":"https:\/\/api.w.org\/{rel}","templated":true}]}}