{"id":1143,"date":"2022-02-17T09:25:13","date_gmt":"2022-02-17T08:25:13","guid":{"rendered":"https:\/\/grannycharly.fr\/\/?page_id=1143"},"modified":"2023-02-28T07:16:56","modified_gmt":"2023-02-28T06:16:56","slug":"parrainage","status":"publish","type":"page","link":"https:\/\/grannycharly.fr\/wp-content\/wpStagingGC202306\/parrainage\/","title":{"rendered":"Parrainage"},"content":{"rendered":"","protected":false},"excerpt":{"rendered":"","protected":false},"author":1,"featured_media":0,"parent":0,"menu_order":0,"comment_status":"closed","ping_status":"closed","template":"page-parrainage.php","meta":{"_seopress_robots_primary_cat":"","_seopress_titles_title":"J&#039;en parle \u00e0 mes proches - Granny &amp; Charly","_seopress_titles_desc":"Vous aimez l&#039;id\u00e9e de Granny &amp; Charly ? Cela serait b\u00e9n\u00e9fique pour vos proches? Envoyez en un clic un email \u00e0 votre entourage !","_seopress_robots_index":"","content-type":"","inline_featured_image":false,"footnotes":""},"class_list":["post-1143","page","type-page","status-publish","hentry"],"acf":[],"_links":{"self":[{"href":"https:\/\/grannycharly.fr\/wp-content\/wpStagingGC202306\/wp-json\/wp\/v2\/pages\/1143","targetHints":{"allow":["GET"]}}],"collection":[{"href":"https:\/\/grannycharly.fr\/wp-content\/wpStagingGC202306\/wp-json\/wp\/v2\/pages"}],"about":[{"href":"https:\/\/grannycharly.fr\/wp-content\/wpStagingGC202306\/wp-json\/wp\/v2\/types\/page"}],"author":[{"embeddable":true,"href":"https:\/\/grannycharly.fr\/wp-content\/wpStagingGC202306\/wp-json\/wp\/v2\/users\/1"}],"replies":[{"embeddable":true,"href":"https:\/\/grannycharly.fr\/wp-content\/wpStagingGC202306\/wp-json\/wp\/v2\/comments?post=1143"}],"version-history":[{"count":10,"href":"https:\/\/grannycharly.fr\/wp-content\/wpStagingGC202306\/wp-json\/wp\/v2\/pages\/1143\/revisions"}],"predecessor-version":[{"id":3024,"href":"https:\/\/grannycharly.fr\/wp-content\/wpStagingGC202306\/wp-json\/wp\/v2\/pages\/1143\/revisions\/3024"}],"wp:attachment":[{"href":"https:\/\/grannycharly.fr\/wp-content\/wpStagingGC202306\/wp-json\/wp\/v2\/media?parent=1143"}],"curies":[{"name":"wp","href":"https:\/\/api.w.org\/{rel}","templated":true}]}}